{"id":60,"date":"2024-10-22T23:19:45","date_gmt":"2024-10-22T23:19:45","guid":{"rendered":"https:\/\/aluminiobladeren.com\/?page_id=60"},"modified":"2024-10-22T23:19:45","modified_gmt":"2024-10-22T23:19:45","slug":"contacto","status":"publish","type":"page","link":"https:\/\/aluminiobladeren.com\/index.php\/contacto\/","title":{"rendered":"Contacto"},"content":{"rendered":"<h1>Cont\u00e1ctanos por correo electr\u00f3nico, ll\u00e1manos o vis\u00edtanos.<\/h1>\n<div>\n<div class=\"uk-container form-container\">\n<h2 class=\"uk-text-center\">Cont\u00e1ctanos para Auditor\u00eda Fiscal y Contable<\/h2>\n<form class=\"uk-form-stacked\" id=\"contact-form-auditoria\">\n<div class=\"uk-margin\">\n            <label class=\"uk-form-label\" for=\"nombre\">Nombre\/s<\/label><\/p>\n<div class=\"uk-form-controls\">\n                <input class=\"uk-input\" id=\"nombre\" type=\"text\" placeholder=\"Escribe tu nombre\" required>\n            <\/div>\n<\/p><\/div>\n<div class=\"uk-margin\">\n            <label class=\"uk-form-label\" for=\"email\">Correo electr\u00f3nico<\/label><\/p>\n<div class=\"uk-form-controls\">\n                <input class=\"uk-input\" id=\"email\" type=\"email\" placeholder=\"Escribe tu correo electr\u00f3nico\" required>\n            <\/div>\n<\/p><\/div>\n<div class=\"uk-margin\">\n            <label class=\"uk-form-label\" for=\"tipo-auditoria\">Tipo de Auditor\u00eda<\/label><\/p>\n<div class=\"uk-form-controls\">\n                <select class=\"uk-select\" id=\"tipo-auditoria\" required><option value=\"\" disabled selected>Selecciona el tipo de auditor\u00eda<\/option><option value=\"fiscal\">Auditor\u00eda Fiscal<\/option><option value=\"contable\">Auditor\u00eda Contable<\/option><option value=\"ambas\">Ambas<\/option><\/select>\n            <\/div>\n<\/p><\/div>\n<div class=\"uk-margin\">\n            <button class=\"uk-button uk-button-primary uk-width-1-1\" type=\"submit\"\n                id=\"contactar-btn-auditoria\">Contactar<\/button>\n        <\/div>\n<\/p><\/form>\n<\/div>\n<p><script>\n    document.getElementById('contactar-btn-auditoria').addEventListener('click', function (event) {\n        event.preventDefault();\n        let isValid = true;\n        document.querySelectorAll('.uk-input, .uk-textarea').forEach(input => input.classList.remove('error'));\n        if (isValid) {\n            UIkit.notification({\n                message: 'Gracias por contactarnos',\n                status: 'success',\n                pos: 'top-center',\n                timeout: 3000\n            });\n            document.getElementById('contact-form-auditoria').reset();\n        }\n    });\n<\/script>\n<\/div>\n<p><!--more--><br \/>\n<!-- {\"type\":\"layout\",\"children\":[{\"name\":\"Contact\",\"type\":\"section\",\"props\":{\"animation_delay\":false,\"image_position\":\"center-center\",\"padding\":\"large\",\"padding_remove_bottom\":true,\"style\":\"default\",\"title_breakpoint\":\"xl\",\"title_position\":\"top-left\",\"title_rotation\":\"left\",\"vertical_align\":\"\",\"width\":\"default\"},\"children\":[{\"type\":\"row\",\"children\":[{\"type\":\"column\",\"props\":{\"image_position\":\"center-center\",\"position_sticky_breakpoint\":\"m\",\"width_medium\":\"1-1\"},\"children\":[{\"type\":\"headline\",\"props\":{\"content\":\"Cont\\u00e1ctanos por correo electr\\u00f3nico, ll\\u00e1manos o vis\\u00edtanos.\",\"maxwidth\":\"xlarge\",\"text_align\":\"left\",\"text_align_breakpoint\":\"s\",\"text_align_fallback\":\"center\",\"title_element\":\"h1\",\"title_style\":\"h2\"}}]}]}]},{\"name\":\"Map\",\"type\":\"section\",\"props\":{\"image_position\":\"center-center\",\"padding\":\"large\",\"padding_remove_bottom\":true,\"padding_remove_top\":false,\"style\":\"default\",\"title_breakpoint\":\"xl\",\"title_position\":\"top-left\",\"title_rotation\":\"left\",\"vertical_align\":\"\",\"width\":\"\"},\"children\":[{\"type\":\"row\",\"props\":{\"column_gap\":\"large\",\"margin\":\"small\",\"row_gap\":\"large\",\"vertical_align\":true},\"children\":[{\"type\":\"column\",\"props\":{\"image_position\":\"center-center\",\"position_sticky_breakpoint\":\"m\",\"width_medium\":\"1-1\"},\"children\":[{\"type\":\"html\",\"props\":{\"content\":\"\n\n<div class=\\\"uk-container form-container\\\">\\n    \n\n<h2 class=\\\"uk-text-center\\\">Cont\\u00e1ctanos para Auditor\\u00eda Fiscal y Contable<\\\/h2>\\n    \n\n<form class=\\\"uk-form-stacked\\\" id=\\\"contact-form-auditoria\\\">\\n\\n        \n\n<div class=\\\"uk-margin\\\">\\n            <label class=\\\"uk-form-label\\\" for=\\\"nombre\\\">Nombre\\\/s<\\\/label>\\n            \n\n<div class=\\\"uk-form-controls\\\">\\n                <input class=\\\"uk-input\\\" id=\\\"nombre\\\" type=\\\"text\\\" placeholder=\\\"Escribe tu nombre\\\" required>\\n            <\\\/div>\\n        <\\\/div>\\n\\n        \n\n<div class=\\\"uk-margin\\\">\\n            <label class=\\\"uk-form-label\\\" for=\\\"email\\\">Correo electr\\u00f3nico<\\\/label>\\n            \n\n<div class=\\\"uk-form-controls\\\">\\n                <input class=\\\"uk-input\\\" id=\\\"email\\\" type=\\\"email\\\" placeholder=\\\"Escribe tu correo electr\\u00f3nico\\\" required>\\n            <\\\/div>\\n        <\\\/div>\\n\\n        \n\n<div class=\\\"uk-margin\\\">\\n            <label class=\\\"uk-form-label\\\" for=\\\"tipo-auditoria\\\">Tipo de Auditor\\u00eda<\\\/label>\\n            \n\n<div class=\\\"uk-form-controls\\\">\\n                <select class=\\\"uk-select\\\" id=\\\"tipo-auditoria\\\" required>\\n<option value=\\\"\\\" disabled selected>Selecciona el tipo de auditor\\u00eda<\\\/option>\\n<option value=\\\"fiscal\\\">Auditor\\u00eda Fiscal<\\\/option>\\n<option value=\\\"contable\\\">Auditor\\u00eda Contable<\\\/option>\\n<option value=\\\"ambas\\\">Ambas<\\\/option>\\n                <\\\/select>\\n            <\\\/div>\\n        <\\\/div>\\n\\n        \n\n<div class=\\\"uk-margin\\\">\\n            <button class=\\\"uk-button uk-button-primary uk-width-1-1\\\" type=\\\"submit\\\"\\n                id=\\\"contactar-btn-auditoria\\\">Contactar<\\\/button>\\n        <\\\/div>\\n    <\\\/form>\\n<\\\/div>\\n\\n<script>\\n    document.getElementById('contactar-btn-auditoria').addEventListener('click', function (event) {\\n        event.preventDefault();\\n        let isValid = true;\\n        document.querySelectorAll('.uk-input, .uk-textarea').forEach(input => input.classList.remove('error'));\\n        if (isValid) {\\n            UIkit.notification({\\n                message: 'Gracias por contactarnos',\\n                status: 'success',\\n                pos: 'top-center',\\n                timeout: 3000\\n            });\\n            document.getElementById('contact-form-auditoria').reset();\\n        }\\n    });\\n<\\\/script>\"}}]}]}]}],\"version\":\"4.4.10\"} --><\/p>\n","protected":false},"excerpt":{"rendered":"<p>Cont\u00e1ctanos por correo electr\u00f3nico, ll\u00e1manos o vis\u00edtanos. Cont\u00e1ctanos para Auditor\u00eda Fiscal y Contable Nombre\/s Correo electr\u00f3nico Tipo de Auditor\u00eda Selecciona el tipo de auditor\u00edaAuditor\u00eda FiscalAuditor\u00eda ContableAmbas Contactar<\/p>\n","protected":false},"author":1,"featured_media":0,"parent":0,"menu_order":0,"comment_status":"closed","ping_status":"closed","template":"","meta":{"footnotes":""},"class_list":["post-60","page","type-page","status-publish","hentry"],"_links":{"self":[{"href":"https:\/\/aluminiobladeren.com\/index.php\/wp-json\/wp\/v2\/pages\/60","targetHints":{"allow":["GET"]}}],"collection":[{"href":"https:\/\/aluminiobladeren.com\/index.php\/wp-json\/wp\/v2\/pages"}],"about":[{"href":"https:\/\/aluminiobladeren.com\/index.php\/wp-json\/wp\/v2\/types\/page"}],"author":[{"embeddable":true,"href":"https:\/\/aluminiobladeren.com\/index.php\/wp-json\/wp\/v2\/users\/1"}],"replies":[{"embeddable":true,"href":"https:\/\/aluminiobladeren.com\/index.php\/wp-json\/wp\/v2\/comments?post=60"}],"version-history":[{"count":1,"href":"https:\/\/aluminiobladeren.com\/index.php\/wp-json\/wp\/v2\/pages\/60\/revisions"}],"predecessor-version":[{"id":61,"href":"https:\/\/aluminiobladeren.com\/index.php\/wp-json\/wp\/v2\/pages\/60\/revisions\/61"}],"wp:attachment":[{"href":"https:\/\/aluminiobladeren.com\/index.php\/wp-json\/wp\/v2\/media?parent=60"}],"curies":[{"name":"wp","href":"https:\/\/api.w.org\/{rel}","templated":true}]}}