{"id":3,"date":"2024-10-22T21:05:27","date_gmt":"2024-10-22T21:05:27","guid":{"rendered":"https:\/\/aluminiobladeren.com\/?page_id=3"},"modified":"2024-11-27T23:16:13","modified_gmt":"2024-11-27T23:16:13","slug":"privacy-policy","status":"publish","type":"page","link":"https:\/\/aluminiobladeren.com\/","title":{"rendered":"Inicio"},"content":{"rendered":"<p><img decoding=\"async\" src=\"\/wp-content\/uploads\/home-hero.svg\" alt=\"\"><\/p>\n<h1>Alumnio <br \/>Bladeren<\/h1>\n<p><img decoding=\"async\" src=\"\/wp-content\/uploads\/home-hero.svg\" alt=\"\"><\/p>\n<div>\n<div>Fuerza y elegancia\u00a0<\/div>\n<div>en cada perfil.<\/div>\n<\/div>\n<h2>Nuestra mision<\/h2>\n<div>\n<p>En Alumnio Bladeren, nuestra misi\u00f3n es proporcionar servicios de auditor\u00eda y consultor\u00eda de clase mundial, asegurando que sus ingresos se contabilicen correctamente, respetando las normativas vigentes y las mejores pr\u00e1cticas contables. Con nosotros, su negocio estar\u00e1 en manos de expertos que entienden la importancia de la claridad y la exactitud en los procesos financieros.<\/p>\n<\/div>\n<p><img decoding=\"async\" src=\"\/wp-content\/uploads\/home-products-01.svg\" alt=\"\"><\/p>\n<h2>Nuestros<br \/><span class=\"uk-heading-divider uk-display-inline-block\">Productos<\/span><\/h2>\n<p><img decoding=\"async\" src=\"\/wp-content\/uploads\/home-products-02.svg\" alt=\"\"><\/p>\n<h3>Planificaci\u00f3n y\u00a0<\/p>\n<div>Ejecuci\u00f3n de Auditor\u00edas<\/div>\n<\/h3>\n<div>\n<p>        <img decoding=\"async\" src=\"\/wp-content\/uploads\/2024\/10\/aco-e-aluminio-1536x662-2.webp\" alt=\"\"><\/p>\n<div>\n<p><strong>Revisi\u00f3n de Contratos y Acuerdos:<\/strong> Evaluamos los t\u00e9rminos y condiciones de los contratos para garantizar que los ingresos sean reconocidos correctamente.<\/p>\n<p><strong>An\u00e1lisis Fiscal y Contable:<\/strong> Verificamos la validez de la documentaci\u00f3n que respalda los ingresos, incluyendo facturas y recibos.<\/p>\n<p><strong>Evaluaci\u00f3n de Controles Internos:<\/strong> Aseguramos la efectividad de sus procesos de facturaci\u00f3n y registro de ingresos.<\/p>\n<\/div>\n<\/div>\n<p><img decoding=\"async\" src=\"\/wp-content\/uploads\/home-products-03.svg\" alt=\"\"><\/p>\n<h3>Identificaci\u00f3n y\u00a0<\/p>\n<div>Gesti\u00f3n de Riesgos<\/div>\n<\/h3>\n<div>\n<p>        <img decoding=\"async\" src=\"\/wp-content\/uploads\/home-products-bg-02.jpg\" alt=\"\"><\/p>\n<div>\n<p><strong>Riesgo de Omisi\u00f3n de Ingresos:<\/strong> Identificamos posibles fallos en el registro de ingresos y ofrecemos soluciones preventivas.<\/p>\n<p><strong>Cumplimiento Normativo:<\/strong> Aseguramos que sus procesos cumplan con todas las regulaciones fiscales y contables.<\/p>\n<p><strong>Conflictos de Inter\u00e9s:<\/strong> Analizamos relaciones comerciales para minimizar riesgos \u00e9ticos y legales.<\/p>\n<\/div>\n<\/div>\n<p><img decoding=\"async\" src=\"\/wp-content\/uploads\/2024\/10\/istockphoto-665855592-612x612-1.jpg\" alt=\"\"><\/p>\n<h3>Procedimientos\u00a0<\/p>\n<div>Detallados de Auditor\u00eda<\/div>\n<\/h3>\n<div>\n<p>        <img decoding=\"async\" src=\"\/wp-content\/uploads\/2024\/10\/img1663488078200.jpg\" alt=\"\"><\/p>\n<div>\n<p><strong>Revisi\u00f3n Documental:<\/strong> An\u00e1lisis exhaustivo de contratos y registros.<\/p>\n<p><strong>Confirmaciones Directas:<\/strong> Validaci\u00f3n de ingresos con todas las partes relevantes.<\/p>\n<p><strong>Pruebas de Control:<\/strong> Ejecuci\u00f3n de evaluaciones pr\u00e1cticas para garantizar la precisi\u00f3n de los estados financieros.<\/p>\n<\/div>\n<\/div>\n<h2>\n<div>Ventajas de\u00a0<\/div>\n<div>Nuestros Productos<\/div>\n<\/h2>\n<div>\n<p><text x=\"-9999\" y=\"-9999\">Alumnio Bladeren su socio estrat\u00e9gico en auditor\u00eda y consultor\u00eda legal. Nos comprometemos a garantizar que sus procesos financieros y legales cumplan con los est\u00e1ndares m\u00e1s altos de integridad, precisi\u00f3n y transparencia.<\/text><\/p>\n<\/div>\n<ul>\n<li>\n<p><img decoding=\"async\" src=\"\/wp-content\/uploads\/products-services-01.svg\" alt=\"\"><\/p>\n<h3>Enfoque <br \/>Personalizado<\/h3>\n<div>\n<p>Adaptamos nuestras soluciones a las necesidades espec\u00edficas de su empresa.<\/p>\n<\/div>\n<\/li>\n<li>\n<p><img decoding=\"async\" src=\"\/wp-content\/uploads\/products-services-02.svg\" alt=\"\"><\/p>\n<h3>Equipo de<br \/> Expertos<\/h3>\n<div>\n<p>Profesionales altamente capacitados en auditor\u00eda y consultor\u00eda legal.<\/p>\n<\/div>\n<\/li>\n<\/ul>\n<div>\n<p><img decoding=\"async\" src=\"\/wp-content\/uploads\/products-services-03.svg\" alt=\"\"><\/p>\n<h3>Compromiso con <br \/> la Excelencia<\/h3>\n<div>\n<p>Garantizamos resultados claros, confiables y accionables.<\/p>\n<\/div>\n<\/div>\n<p><!--more--><br \/>\n<!-- {\"type\":\"layout\",\"children\":[{\"name\":\"Hero\",\"type\":\"section\",\"props\":{\"height\":\"viewport\",\"height_offset_top\":true,\"height_viewport\":80,\"image\":\"wp-content\\\/uploads\\\/home-hero-bg.svg\",\"image_effect\":\"parallax\",\"image_parallax_bgy\":\"0,100\",\"image_parallax_easing\":\"1\",\"image_position\":\"center-center\",\"media_visibility\":\"m\",\"padding\":\"xlarge\",\"style\":\"default\",\"title_breakpoint\":\"xl\",\"title_position\":\"top-left\",\"title_rotation\":\"left\",\"vertical_align\":\"middle\",\"width\":\"large\"},\"children\":[{\"type\":\"row\",\"props\":{\"layout\":\"large,expand,large\",\"margin\":\"remove-vertical\"},\"children\":[{\"type\":\"column\",\"props\":{\"image_position\":\"center-center\",\"position_sticky_breakpoint\":\"m\",\"vertical_align\":\"bottom\",\"width_medium\":\"auto\"},\"children\":[{\"type\":\"image\",\"props\":{\"image\":\"wp-content\\\/uploads\\\/home-hero.svg\",\"image_loading\":true,\"image_svg_animate\":true,\"image_svg_color\":\"emphasis\",\"image_svg_inline\":true,\"image_width\":\"250\",\"margin\":\"large\",\"text_align\":\"center\",\"visibility\":\"hidden-m\"}},{\"type\":\"headline\",\"props\":{\"animation\":\"parallax\",\"content\":\"Alumnio <br \\\/>Bladeren\",\"margin\":\"remove-vertical\",\"parallax_breakpoint\":\"m\",\"parallax_easing\":\"1\",\"parallax_y\":\"0,150\",\"text_align\":\"left\",\"text_align_breakpoint\":\"m\",\"text_align_fallback\":\"center\",\"title_element\":\"h1\",\"title_style\":\"heading-2xlarge\"}}]},{\"type\":\"column\",\"props\":{\"image_position\":\"center-center\",\"position_sticky_breakpoint\":\"m\",\"vertical_align\":\"bottom\",\"width_medium\":\"expand\"},\"children\":[{\"type\":\"image\",\"props\":{\"image\":\"wp-content\\\/uploads\\\/home-hero.svg\",\"image_loading\":true,\"image_svg_animate\":true,\"image_svg_color\":\"emphasis\",\"image_svg_inline\":true,\"margin\":\"default\",\"text_align\":\"right\",\"visibility\":\"m\"}}]},{\"type\":\"column\",\"props\":{\"image_position\":\"center-center\",\"position_sticky_breakpoint\":\"m\",\"vertical_align\":\"bottom\",\"width_medium\":\"auto\"},\"children\":[{\"type\":\"headline\",\"props\":{\"animation\":\"parallax\",\"content\":\"\n\n<div>Fuerza y elegancia\\u00a0<\\\/div>\\n\n\n<div>en cada perfil.<\\\/div>\",\"parallax_breakpoint\":\"m\",\"parallax_easing\":\"1\",\"parallax_y\":\"0,100\",\"text_align\":\"left\",\"text_align_breakpoint\":\"m\",\"text_align_fallback\":\"center\",\"title_element\":\"div\",\"title_style\":\"h4\"}}]}]}]},{\"name\":\"About\",\"type\":\"section\",\"props\":{\"image_position\":\"center-center\",\"padding\":\"large\",\"padding_remove_top\":false,\"style\":\"default\",\"title_breakpoint\":\"xl\",\"title_position\":\"top-left\",\"title_rotation\":\"left\",\"vertical_align\":\"\",\"width\":\"large\"},\"children\":[{\"type\":\"row\",\"props\":{\"column_gap\":\"large\",\"layout\":\"1-4,3-4\",\"row_gap\":\"large\"},\"children\":[{\"type\":\"column\",\"props\":{\"image_position\":\"center-center\",\"position_sticky_breakpoint\":\"m\",\"width_medium\":\"1-4\"},\"children\":[{\"type\":\"headline\",\"props\":{\"animation\":\"parallax\",\"content\":\"Nuestra mision\",\"parallax_breakpoint\":\"m\",\"parallax_easing\":\"1\",\"parallax_y\":\"0,50\",\"title_decoration\":\"line\",\"title_element\":\"h2\",\"title_style\":\"h4\"}}]},{\"type\":\"column\",\"props\":{\"image_position\":\"center-center\",\"position_sticky_breakpoint\":\"m\",\"width_medium\":\"3-4\"},\"children\":[{\"type\":\"text\",\"props\":{\"animation\":\"parallax\",\"column_breakpoint\":\"m\",\"content\":\"\n\n<p>En Alumnio Bladeren, nuestra misi\\u00f3n es proporcionar servicios de auditor\\u00eda y consultor\\u00eda de clase mundial, asegurando que sus ingresos se contabilicen correctamente, respetando las normativas vigentes y las mejores pr\\u00e1cticas contables. Con nosotros, su negocio estar\\u00e1 en manos de expertos que entienden la importancia de la claridad y la exactitud en los procesos financieros.<\\\/p>\",\"css\":\".el-element {max-width: 870px;}\",\"margin\":\"\",\"parallax_breakpoint\":\"m\",\"parallax_easing\":\"1\",\"parallax_y\":\"0,50\",\"text_style\":\"large\"}}]}]}]},{\"name\":\"Products\",\"type\":\"section\",\"props\":{\"image_position\":\"center-center\",\"padding\":\"large\",\"padding_remove_bottom\":false,\"style\":\"default\",\"title_breakpoint\":\"xl\",\"title_position\":\"top-left\",\"title_rotation\":\"left\",\"vertical_align\":\"\",\"width\":\"large\"},\"children\":[{\"type\":\"row\",\"props\":{\"layout\":\"1-2,1-2\",\"margin\":\"large\"},\"children\":[{\"type\":\"column\",\"props\":{\"image_position\":\"center-center\",\"position_sticky_breakpoint\":\"m\",\"width_small\":\"1-2\"},\"children\":[{\"type\":\"image\",\"props\":{\"image\":\"wp-content\\\/uploads\\\/home-products-01.svg\",\"image_svg_animate\":false,\"image_svg_color\":\"emphasis\",\"image_svg_inline\":true,\"margin\":\"default\"}}]},{\"type\":\"column\",\"props\":{\"image_position\":\"center-center\",\"order_first\":\"s\",\"position_sticky_breakpoint\":\"m\",\"vertical_align\":\"bottom\",\"width_small\":\"1-2\"},\"children\":[{\"type\":\"headline\",\"props\":{\"animation\":\"parallax\",\"content\":\"Nuestros<br \\\/><span class=\\\"uk-heading-divider uk-display-inline-block\\\">Productos<\\\/span>\",\"margin_remove_top\":false,\"parallax_breakpoint\":\"m\",\"parallax_easing\":\"1\",\"parallax_y\":\"50,-50\",\"title_element\":\"h2\",\"title_style\":\"heading-xlarge\"}}]}]},{\"type\":\"row\",\"props\":{\"layout\":\"1-3,2-3\",\"margin\":\"xlarge\",\"margin_remove_bottom\":false},\"children\":[{\"type\":\"column\",\"props\":{\"image_position\":\"center-center\",\"position_sticky_breakpoint\":\"m\",\"vertical_align\":\"bottom\",\"width_large\":\"1-3\"},\"children\":[{\"type\":\"image\",\"props\":{\"image\":\"wp-content\\\/uploads\\\/home-products-02.svg\",\"image_svg_animate\":true,\"image_svg_color\":\"emphasis\",\"image_svg_inline\":true,\"margin\":\"\",\"text_align\":\"center\"}}]},{\"type\":\"column\",\"props\":{\"css\":\"@media (min-width: 1200px) and (max-width: 1600px) {\\n\\t.el-column > * > * { background-size: 65%!important; }\\n}\",\"image\":\"wp-content\\\/uploads\\\/home-products-bg-01.jpg\",\"image_position\":\"center-right\",\"image_width\":\"600\",\"media_visibility\":\"m\",\"padding\":\"none\",\"position_sticky_breakpoint\":\"m\",\"width_large\":\"2-3\"},\"children\":[{\"type\":\"headline\",\"props\":{\"animation\":\"parallax\",\"content\":\"Planificaci\\u00f3n y\\u00a0\\n\n\n<div>Ejecuci\\u00f3n de Auditor\\u00edas<\\\/div>\",\"css\":\"@media (min-width: 960px) {\\n\\t.el-element { margin-top: 100px; }\\n}\",\"margin\":\"medium\",\"parallax_breakpoint\":\"m\",\"parallax_easing\":\"1\",\"parallax_y\":\"50,0\",\"title_element\":\"h3\",\"title_style\":\"heading-small\"}},{\"type\":\"panel\",\"props\":{\"animation\":\"parallax\",\"content\":\"\n\n<p><strong>Revisi\\u00f3n de Contratos y Acuerdos:<\\\/strong> Evaluamos los t\\u00e9rminos y condiciones de los contratos para garantizar que los ingresos sean reconocidos correctamente.<\\\/p>\\n\n\n<p><strong>An\\u00e1lisis Fiscal y Contable:<\\\/strong> Verificamos la validez de la documentaci\\u00f3n que respalda los ingresos, incluyendo facturas y recibos.<\\\/p>\\n\n\n<p><strong>Evaluaci\\u00f3n de Controles Internos:<\\\/strong> Aseguramos la efectividad de sus procesos de facturaci\\u00f3n y registro de ingresos.<\\\/p>\",\"content_column_breakpoint\":\"m\",\"css\":\"@media (min-width: 960px){\\n\\t.el-image {display: none;}\\n}\",\"icon_width\":80,\"image\":\"wp-content\\\/uploads\\\/2024\\\/10\\\/aco-e-aluminio-1536x662-2.webp\",\"image_align\":\"top\",\"image_grid_breakpoint\":\"m\",\"image_grid_width\":\"1-2\",\"image_svg_color\":\"emphasis\",\"image_svg_inline\":false,\"image_width\":\"900\",\"link_style\":\"text\",\"link_target\":false,\"link_text\":\"Show More\",\"margin\":\"\",\"maxwidth\":\"large\",\"maxwidth_breakpoint\":\"m\",\"meta_align\":\"below-title\",\"meta_element\":\"div\",\"meta_style\":\"text-meta\",\"panel_image_no_padding\":false,\"panel_padding\":\"default\",\"panel_style\":\"card-default\",\"parallax_breakpoint\":\"m\",\"parallax_easing\":\"1\",\"parallax_y\":\"50,0\",\"title\":\"\",\"title_align\":\"top\",\"title_element\":\"h4\",\"title_grid_breakpoint\":\"m\",\"title_grid_width\":\"1-2\",\"title_hover_style\":\"reset\",\"title_style\":\"h4\"}}]}]},{\"type\":\"row\",\"props\":{\"layout\":\"1-3,2-3\",\"margin\":\"xlarge\"},\"children\":[{\"type\":\"column\",\"props\":{\"image_position\":\"center-right\",\"media_visibility\":\"m\",\"padding\":\"none\",\"position_sticky_breakpoint\":\"m\",\"width_large\":\"1-3\"},\"children\":[{\"type\":\"image\",\"props\":{\"image\":\"wp-content\\\/uploads\\\/home-products-03.svg\",\"image_svg_animate\":true,\"image_svg_color\":\"emphasis\",\"image_svg_inline\":true,\"margin\":\"\",\"text_align\":\"center\",\"text_align_fallback\":\"left\"}}]},{\"type\":\"column\",\"props\":{\"css\":\"@media (min-width: 1200px) and (max-width: 1600px) {\\n\\t.el-column > * > * { background-size: 65%!important; }\\n}\",\"image\":\"wp-content\\\/uploads\\\/home-products-bg-02.jpg\",\"image_position\":\"center-right\",\"image_width\":\"600\",\"media_visibility\":\"m\",\"order_first\":\"l\",\"padding\":\"none\",\"position_sticky_breakpoint\":\"m\",\"vertical_align\":\"bottom\",\"width_large\":\"2-3\"},\"children\":[{\"type\":\"headline\",\"props\":{\"animation\":\"parallax\",\"content\":\"Identificaci\\u00f3n y\\u00a0\\n\n\n<div>Gesti\\u00f3n de Riesgos<\\\/div>\",\"css\":\"@media (min-width: 960px) {\\n\\t.el-element { margin-top: 100px; }\\n}\",\"margin\":\"medium\",\"maxwidth\":\"small\",\"parallax_breakpoint\":\"m\",\"parallax_easing\":\"1\",\"parallax_y\":\"80,0\",\"title_element\":\"h3\",\"title_style\":\"heading-small\"}},{\"type\":\"panel\",\"props\":{\"animation\":\"parallax\",\"content\":\"\n\n<p><strong>Riesgo de Omisi\\u00f3n de Ingresos:<\\\/strong> Identificamos posibles fallos en el registro de ingresos y ofrecemos soluciones preventivas.<\\\/p>\\n\n\n<p><strong>Cumplimiento Normativo:<\\\/strong> Aseguramos que sus procesos cumplan con todas las regulaciones fiscales y contables.<\\\/p>\\n\n\n<p><strong>Conflictos de Inter\\u00e9s:<\\\/strong> Analizamos relaciones comerciales para minimizar riesgos \\u00e9ticos y legales.<\\\/p>\",\"content_column_breakpoint\":\"m\",\"css\":\"@media (min-width: 960px){\\n\\t.el-image {display: none;}\\n}\",\"icon_width\":80,\"image\":\"wp-content\\\/uploads\\\/home-products-bg-02.jpg\",\"image_align\":\"top\",\"image_grid_breakpoint\":\"m\",\"image_grid_width\":\"1-2\",\"image_svg_color\":\"emphasis\",\"image_width\":\"900\",\"link_style\":\"text\",\"link_text\":\"Show More\",\"margin\":\"\",\"maxwidth\":\"large\",\"maxwidth_breakpoint\":\"m\",\"meta_align\":\"below-title\",\"meta_element\":\"div\",\"meta_style\":\"text-meta\",\"panel_image_no_padding\":true,\"panel_padding\":\"default\",\"panel_style\":\"card-default\",\"parallax_breakpoint\":\"m\",\"parallax_easing\":\"1\",\"parallax_y\":\"80,0\",\"title\":\"\",\"title_align\":\"top\",\"title_element\":\"h4\",\"title_grid_breakpoint\":\"m\",\"title_grid_width\":\"1-2\",\"title_hover_style\":\"reset\",\"title_style\":\"h4\"}}]}]},{\"type\":\"row\",\"props\":{\"layout\":\"1-3,2-3\",\"margin\":\"xlarge\",\"margin_remove_bottom\":false},\"children\":[{\"type\":\"column\",\"props\":{\"image_position\":\"center-center\",\"position_sticky_breakpoint\":\"m\",\"vertical_align\":\"bottom\",\"width_large\":\"1-3\"},\"children\":[{\"type\":\"image\",\"props\":{\"image\":\"wp-content\\\/uploads\\\/2024\\\/10\\\/istockphoto-665855592-612x612-1.jpg\",\"image_svg_animate\":true,\"image_svg_color\":\"emphasis\",\"image_svg_inline\":true,\"margin\":\"\",\"text_align\":\"center\"}}]},{\"type\":\"column\",\"props\":{\"css\":\"@media (min-width: 1200px) and (max-width: 1600px) {\\n\\t.el-column > * > * { background-size: 65%!important; }\\n}\",\"image\":\"wp-content\\\/uploads\\\/home-products-bg-03.jpg\",\"image_position\":\"center-right\",\"image_width\":\"600\",\"media_visibility\":\"m\",\"padding\":\"none\",\"position_sticky_breakpoint\":\"m\",\"vertical_align\":\"bottom\",\"width_large\":\"2-3\"},\"children\":[{\"type\":\"headline\",\"props\":{\"animation\":\"parallax\",\"content\":\"Procedimientos\\u00a0\\n\n\n<div>Detallados de Auditor\\u00eda<\\\/div>\",\"css\":\"@media (min-width: 960px) {\\n\\t.el-element { margin-top: 100px; }\\n}\",\"margin\":\"medium\",\"parallax_breakpoint\":\"m\",\"parallax_easing\":\"1\",\"parallax_y\":\"80,0\",\"title_element\":\"h3\",\"title_style\":\"heading-small\"}},{\"type\":\"panel\",\"props\":{\"animation\":\"parallax\",\"content\":\"\n\n<p><strong>Revisi\\u00f3n Documental:<\\\/strong> An\\u00e1lisis exhaustivo de contratos y registros.<\\\/p>\\n\n\n<p><strong>Confirmaciones Directas:<\\\/strong> Validaci\\u00f3n de ingresos con todas las partes relevantes.<\\\/p>\\n\n\n<p><strong>Pruebas de Control:<\\\/strong> Ejecuci\\u00f3n de evaluaciones pr\\u00e1cticas para garantizar la precisi\\u00f3n de los estados financieros.<\\\/p>\",\"content_column_breakpoint\":\"m\",\"css\":\"@media (min-width: 960px){\\n\\t.el-image {display: none;}\\n}\",\"icon_width\":80,\"image\":\"wp-content\\\/uploads\\\/2024\\\/10\\\/img1663488078200.jpg\",\"image_align\":\"top\",\"image_grid_breakpoint\":\"m\",\"image_grid_width\":\"1-2\",\"image_svg_color\":\"emphasis\",\"link_style\":\"text\",\"link_text\":\"Show More\",\"margin\":\"\",\"maxwidth\":\"large\",\"maxwidth_breakpoint\":\"m\",\"meta_align\":\"below-title\",\"meta_element\":\"div\",\"meta_style\":\"text-meta\",\"panel_image_no_padding\":true,\"panel_padding\":\"default\",\"panel_style\":\"card-default\",\"parallax_breakpoint\":\"m\",\"parallax_easing\":\"1\",\"parallax_y\":\"80,0\",\"title\":\"\",\"title_align\":\"top\",\"title_element\":\"h4\",\"title_grid_breakpoint\":\"m\",\"title_grid_width\":\"1-2\",\"title_hover_style\":\"reset\",\"title_style\":\"h4\"}}]}]}]},{\"name\":\"Services\",\"type\":\"section\",\"props\":{\"image_position\":\"center-center\",\"padding\":\"xlarge\",\"style\":\"default\",\"title_breakpoint\":\"xl\",\"title_position\":\"top-left\",\"title_rotation\":\"left\",\"vertical_align\":\"\",\"width\":\"large\"},\"children\":[{\"type\":\"row\",\"props\":{\"column_gap\":\"large\",\"layout\":\"1-2,1-4,1-4|1-1,1-2,1-2\",\"row_gap\":\"large\"},\"children\":[{\"type\":\"column\",\"props\":{\"image_position\":\"center-center\",\"position_sticky_breakpoint\":\"m\",\"width_medium\":\"1-2\",\"width_small\":\"1-1\"},\"children\":[{\"type\":\"headline\",\"props\":{\"animation\":\"parallax\",\"content\":\"\n\n<div>Ventajas de\\u00a0<\\\/div>\\n\n\n<div>Nuestros Productos<\\\/div>\",\"parallax_breakpoint\":\"m\",\"parallax_easing\":\"1\",\"parallax_y\":\"50,-100\",\"text_align\":\"left\",\"text_align_breakpoint\":\"s\",\"text_align_fallback\":\"center\",\"title_element\":\"h2\",\"title_style\":\"heading-medium\"}},{\"type\":\"text\",\"props\":{\"animation\":\"parallax\",\"column_breakpoint\":\"m\",\"content\":\"\n\n<p><text x=\\\"-9999\\\" y=\\\"-9999\\\">Alumnio Bladeren su socio estrat\\u00e9gico en auditor\\u00eda y consultor\\u00eda legal. Nos comprometemos a garantizar que sus procesos financieros y legales cumplan con los est\\u00e1ndares m\\u00e1s altos de integridad, precisi\\u00f3n y transparencia.<\\\/text><\\\/p>\",\"margin\":\"medium\",\"maxwidth\":\"large\",\"maxwidth_breakpoint\":\"s\",\"parallax_breakpoint\":\"m\",\"parallax_easing\":\"1\",\"parallax_y\":\"50,-100\",\"text_align\":\"left\",\"text_align_breakpoint\":\"s\",\"text_align_fallback\":\"center\"}}]},{\"type\":\"column\",\"props\":{\"image_position\":\"center-center\",\"position_sticky_breakpoint\":\"m\",\"width_medium\":\"1-4\",\"width_small\":\"1-2\"},\"children\":[{\"type\":\"grid\",\"props\":{\"animation\":\"parallax\",\"block_align\":\"center\",\"content_column_breakpoint\":\"m\",\"css\":\"@media (min-width: 960px){\\n    .el-element { margin-top: 180px; }\\n}\",\"filter_align\":\"left\",\"filter_all\":true,\"filter_grid_breakpoint\":\"m\",\"filter_grid_width\":\"auto\",\"filter_position\":\"top\",\"filter_style\":\"tab\",\"grid_column_gap\":\"large\",\"grid_default\":\"1\",\"grid_medium\":\"\",\"grid_parallax\":\"0\",\"grid_row_gap\":\"large\",\"icon_width\":80,\"image_align\":\"top\",\"image_grid_breakpoint\":\"m\",\"image_grid_width\":\"1-2\",\"image_svg_color\":\"primary\",\"image_svg_inline\":true,\"item_animation\":true,\"link_style\":\"default\",\"link_text\":\"Read more\",\"margin\":\"\",\"maxwidth\":\"large\",\"meta_align\":\"below-title\",\"meta_element\":\"div\",\"meta_style\":\"text-meta\",\"parallax_breakpoint\":\"m\",\"parallax_easing\":\"1\",\"parallax_y\":\"0,-70\",\"show_content\":true,\"show_image\":true,\"show_link\":true,\"show_meta\":true,\"show_title\":true,\"text_align\":\"left\",\"text_align_breakpoint\":\"s\",\"text_align_fallback\":\"center\",\"title_align\":\"top\",\"title_element\":\"h3\",\"title_grid_breakpoint\":\"m\",\"title_grid_width\":\"1-2\",\"title_hover_style\":\"reset\",\"title_style\":\"h4\"},\"children\":[{\"type\":\"grid_item\",\"props\":{\"content\":\"\n\n<p>Adaptamos nuestras soluciones a las necesidades espec\\u00edficas de su empresa.<\\\/p>\",\"image\":\"wp-content\\\/uploads\\\/products-services-01.svg\",\"title\":\"Enfoque <br \/>Personalizado\"}},{\"type\":\"grid_item\",\"props\":{\"content\":\"\n\n<p>Profesionales altamente capacitados en auditor\\u00eda y consultor\\u00eda legal.<\\\/p>\",\"image\":\"wp-content\\\/uploads\\\/products-services-02.svg\",\"title\":\"Equipo de<br \/> Expertos\"}}]}]},{\"type\":\"column\",\"props\":{\"image_position\":\"center-center\",\"position_sticky_breakpoint\":\"m\",\"width_medium\":\"1-4\",\"width_small\":\"1-2\"},\"children\":[{\"type\":\"grid\",\"props\":{\"animation\":\"parallax\",\"block_align\":\"center\",\"content_column_breakpoint\":\"m\",\"filter_align\":\"left\",\"filter_all\":true,\"filter_grid_breakpoint\":\"m\",\"filter_grid_width\":\"auto\",\"filter_position\":\"top\",\"filter_style\":\"tab\",\"grid_column_gap\":\"large\",\"grid_default\":\"1\",\"grid_medium\":\"\",\"grid_parallax\":\"0\",\"grid_row_gap\":\"large\",\"icon_width\":80,\"image_align\":\"top\",\"image_grid_breakpoint\":\"m\",\"image_grid_width\":\"1-2\",\"image_svg_color\":\"primary\",\"image_svg_inline\":true,\"item_animation\":true,\"link_style\":\"default\",\"link_text\":\"Read more\",\"margin\":\"\",\"maxwidth\":\"large\",\"meta_align\":\"below-title\",\"meta_element\":\"div\",\"meta_style\":\"text-meta\",\"parallax_breakpoint\":\"m\",\"parallax_easing\":\"1\",\"parallax_y\":\"0,100\",\"show_content\":true,\"show_image\":true,\"show_link\":true,\"show_meta\":true,\"show_title\":true,\"text_align\":\"left\",\"text_align_breakpoint\":\"s\",\"text_align_fallback\":\"center\",\"title_align\":\"top\",\"title_element\":\"h3\",\"title_grid_breakpoint\":\"m\",\"title_grid_width\":\"1-2\",\"title_hover_style\":\"reset\",\"title_style\":\"h4\"},\"children\":[{\"type\":\"grid_item\",\"props\":{\"content\":\"\n\n<p>Garantizamos resultados claros, confiables y accionables.<\\\/p>\",\"image\":\"wp-content\\\/uploads\\\/products-services-03.svg\",\"title\":\"Compromiso con <br \/> la Excelencia\"}}]}]}]}]}],\"version\":\"4.4.10\"} --><\/p>\n","protected":false},"excerpt":{"rendered":"<p>Alumnio Bladeren Fuerza y elegancia\u00a0 en cada perfil. Nuestra mision En Alumnio Bladeren, nuestra misi\u00f3n es proporcionar servicios de auditor\u00eda y consultor\u00eda de clase mundial, asegurando que sus ingresos se contabilicen correctamente, respetando las normativas vigentes y las mejores pr\u00e1cticas contables. Con nosotros, su negocio estar\u00e1 en manos de expertos que entienden la importancia de [&hellip;]<\/p>\n","protected":false},"author":1,"featured_media":0,"parent":0,"menu_order":0,"comment_status":"closed","ping_status":"open","template":"","meta":{"footnotes":""},"class_list":["post-3","page","type-page","status-publish","hentry"],"_links":{"self":[{"href":"https:\/\/aluminiobladeren.com\/index.php\/wp-json\/wp\/v2\/pages\/3","targetHints":{"allow":["GET"]}}],"collection":[{"href":"https:\/\/aluminiobladeren.com\/index.php\/wp-json\/wp\/v2\/pages"}],"about":[{"href":"https:\/\/aluminiobladeren.com\/index.php\/wp-json\/wp\/v2\/types\/page"}],"author":[{"embeddable":true,"href":"https:\/\/aluminiobladeren.com\/index.php\/wp-json\/wp\/v2\/users\/1"}],"replies":[{"embeddable":true,"href":"https:\/\/aluminiobladeren.com\/index.php\/wp-json\/wp\/v2\/comments?post=3"}],"version-history":[{"count":12,"href":"https:\/\/aluminiobladeren.com\/index.php\/wp-json\/wp\/v2\/pages\/3\/revisions"}],"predecessor-version":[{"id":71,"href":"https:\/\/aluminiobladeren.com\/index.php\/wp-json\/wp\/v2\/pages\/3\/revisions\/71"}],"wp:attachment":[{"href":"https:\/\/aluminiobladeren.com\/index.php\/wp-json\/wp\/v2\/media?parent=3"}],"curies":[{"name":"wp","href":"https:\/\/api.w.org\/{rel}","templated":true}]}}