{"id":2,"date":"2024-10-22T21:05:27","date_gmt":"2024-10-22T21:05:27","guid":{"rendered":"https:\/\/aluminiobladeren.com\/?page_id=2"},"modified":"2024-11-27T23:22:57","modified_gmt":"2024-11-27T23:22:57","slug":"sample-page","status":"publish","type":"page","link":"https:\/\/aluminiobladeren.com\/index.php\/sample-page\/","title":{"rendered":"Servicios"},"content":{"rendered":"<h1><span style=\"color: white; text-shadow: 1px 1px 2px black;\">Aluminio <br \/>Bladeren<\/span><br \/>\n<\/h1>\n<div>\n<p>Desde nuestra fundaci\u00f3n, hemos trabajado arduamente para construir relaciones s\u00f3lidas con nuestros clientes, basadas en la confianza y la transparencia. Cada proyecto es una oportunidad para demostrar nuestro compromiso con la excelencia.<\/p>\n<\/div>\n<p><img decoding=\"async\" src=\"\/wp-content\/uploads\/home-products-03.svg\" alt=\"\"><\/p>\n<h2><span class=\"uk-heading-divider uk-display-inline-block\">Servicios<\/span><\/h2>\n<table>\n<tbody>\n<tr>\n<td>\n        <img decoding=\"async\" src=\"\/wp-content\/uploads\/ocean-freight-services-01.svg\" alt=\"\">\n    <\/td>\n<td>Asesor\u00eda Personalizada<\/td>\n<td>\n<p>Consultas expertas para ayudarte a elegir los productos adecuados seg\u00fan tus necesidades.<\/p>\n<\/td>\n<\/tr>\n<tr>\n<td>\n        <img decoding=\"async\" src=\"\/wp-content\/uploads\/ocean-freight-services-02.svg\" alt=\"\">\n    <\/td>\n<td>An\u00e1lisis a Medida<\/td>\n<td>\n<p>Soluciones de auditor\u00eda personalizadas para garantizar que los ingresos se contabilicen correctamente, adapt\u00e1ndonos a las necesidades espec\u00edficas de tu negocio.<\/p>\n<\/td>\n<\/tr>\n<tr>\n<td>\n        <img decoding=\"async\" src=\"\/wp-content\/uploads\/ocean-freight-services-03.svg\" alt=\"\">\n    <\/td>\n<td>Resultados Eficientes<\/td>\n<td>\n<p>Compromiso con tiempos de entrega claros y \u00e1giles para que obtengas informaci\u00f3n precisa y \u00fatil sin demoras en tus procesos.<\/p>\n<\/td>\n<\/tr>\n<tr>\n<td>\n        <img decoding=\"async\" src=\"\/wp-content\/uploads\/ocean-freight-services-04.svg\" alt=\"\">\n    <\/td>\n<td>Asistencia Integral<\/td>\n<td>\n<p>Soporte profesional en la implementaci\u00f3n de recomendaciones y mejoras en tus procesos contables, asegurando la m\u00e1xima precisi\u00f3n y cumplimiento normativo.<\/p>\n<\/td>\n<\/tr>\n<\/tbody>\n<\/table>\n<h2>Productos<br \/><span class=\"uk-heading-divider uk-display-inline-block\">Relacionados<\/span><\/h2>\n<div>\n<p>Descubre nuestras herramientas y soluciones especializadas. Ofrecemos productos dise\u00f1ados para optimizar tus procesos financieros y de control interno. Calidad, funcionalidad y precisi\u00f3n en cada soluci\u00f3n. \u00a1Transforma tu gesti\u00f3n con nosotros hoy!<\/p>\n<\/div>\n<ul>\n<li>\n<h3>Software de Gesti\u00f3n Financiera<\/h3>\n<div>\n<p>R\u00e1pido y eficiente, ideal para automatizar el registro de ingresos, generar reportes contables y garantizar el cumplimiento normativo.<\/p>\n<\/div>\n<\/li>\n<li>\n<h3>Manuales y Gu\u00edas Operativas<\/h3>\n<div>\n<p>Dise\u00f1ados para fortalecer tus procesos internos, incluyen procedimientos detallados, mejores pr\u00e1cticas y estrategias de mitigaci\u00f3n de riesgos.<\/p>\n<\/div>\n<\/li>\n<li>\n<h3>Kits de Documentaci\u00f3n Profesional<\/h3>\n<div>\n<p>Plantillas y formatos personalizables para contratos, facturaci\u00f3n y auditor\u00edas, ideales para asegurar un manejo profesional de tu informaci\u00f3n financiera.<\/p>\n<\/div>\n<\/li>\n<\/ul>\n<p><!--more--><br \/>\n<!-- {\"type\":\"layout\",\"children\":[{\"type\":\"section\",\"props\":{\"image\":\"wp-content\\\/uploads\\\/2024\\\/10\\\/aco-e-aluminio-1536x662-2-1.webp\",\"image_position\":\"center-center\",\"style\":\"default\",\"title_breakpoint\":\"xl\",\"title_position\":\"top-left\",\"title_rotation\":\"left\",\"vertical_align\":\"middle\",\"width\":\"large\"},\"children\":[{\"type\":\"row\",\"children\":[{\"type\":\"column\",\"props\":{\"image_position\":\"center-center\",\"position_sticky_breakpoint\":\"m\"},\"children\":[{\"type\":\"headline\",\"props\":{\"animation\":\"parallax\",\"content\":\"<span style=\\\"color: white; text-shadow: 1px 1px 2px black;\\\">Aluminio <br \\\/>Bladeren<\\\/span>\\n\",\"parallax_breakpoint\":\"m\",\"parallax_easing\":\"1\",\"parallax_y\":\"0,70\",\"title_element\":\"h1\",\"title_style\":\"heading-2xlarge\"}}]}]}],\"name\":\"HERO\"},{\"name\":\"About\",\"type\":\"section\",\"props\":{\"image_position\":\"center-center\",\"padding\":\"large\",\"padding_remove_top\":false,\"style\":\"default\",\"title_breakpoint\":\"xl\",\"title_position\":\"top-left\",\"title_rotation\":\"left\",\"vertical_align\":\"\",\"width\":\"large\"},\"children\":[{\"type\":\"row\",\"props\":{\"layout\":\"2-3,1-3\"},\"children\":[{\"type\":\"column\",\"props\":{\"image_position\":\"center-center\",\"position_sticky_breakpoint\":\"m\",\"vertical_align\":\"middle\",\"width_medium\":\"2-3\"},\"children\":[{\"type\":\"text\",\"props\":{\"animation\":\"parallax\",\"column_breakpoint\":\"m\",\"content\":\"\n\n<p>Desde nuestra fundaci\\u00f3n, hemos trabajado arduamente para construir relaciones s\\u00f3lidas con nuestros clientes, basadas en la confianza y la transparencia. Cada proyecto es una oportunidad para demostrar nuestro compromiso con la excelencia.<\\\/p>\",\"margin\":\"\",\"maxwidth\":\"2xlarge\",\"parallax_breakpoint\":\"m\",\"parallax_easing\":\"1\",\"parallax_y\":\"100,0\",\"text_style\":\"lead\"}}]},{\"type\":\"column\",\"props\":{\"image_position\":\"center-center\",\"position_sticky_breakpoint\":\"m\",\"vertical_align\":\"middle\",\"width_medium\":\"1-3\"},\"children\":[{\"type\":\"image\",\"props\":{\"image\":\"wp-content\\\/uploads\\\/home-products-03.svg\",\"image_loading\":true,\"image_svg_animate\":true,\"image_svg_color\":\"emphasis\",\"image_svg_inline\":true,\"margin\":\"\",\"text_align\":\"right\",\"text_align_breakpoint\":\"m\",\"visibility\":\"m\"}}]}]}]},{\"name\":\"Services\",\"type\":\"section\",\"props\":{\"image_position\":\"center-center\",\"padding\":\"xlarge\",\"padding_remove_top\":true,\"style\":\"default\",\"title_breakpoint\":\"xl\",\"title_position\":\"top-left\",\"title_rotation\":\"left\",\"vertical_align\":\"\",\"width\":\"large\"},\"children\":[{\"type\":\"row\",\"children\":[{\"type\":\"column\",\"props\":{\"image_position\":\"center-center\",\"position_sticky_breakpoint\":\"m\",\"width_medium\":\"1-1\"},\"children\":[{\"type\":\"headline\",\"props\":{\"animation\":\"parallax\",\"content\":\"<span class=\\\"uk-heading-divider uk-display-inline-block\\\">Servicios<\\\/span>\",\"margin\":\"large\",\"parallax_breakpoint\":\"m\",\"parallax_easing\":\"1\",\"parallax_y\":\"100,30\",\"title_element\":\"h2\",\"title_style\":\"heading-medium\"}},{\"type\":\"table\",\"props\":{\"animation\":\"parallax\",\"image_svg_color\":\"primary\",\"image_svg_inline\":true,\"image_width\":\"60\",\"link_fullwidth\":false,\"link_style\":\"default\",\"link_text\":\"Read more\",\"maxwidth_breakpoint\":\"m\",\"meta_style\":\"text-meta\",\"parallax_breakpoint\":\"m\",\"parallax_easing\":\"1\",\"parallax_y\":\"100,-30\",\"show_content\":true,\"show_image\":true,\"show_link\":true,\"show_meta\":true,\"show_title\":true,\"table_justify\":true,\"table_order\":\"4\",\"table_responsive\":\"responsive\",\"table_size\":\"large\",\"table_vertical_align\":true,\"table_width_content\":\"medium\",\"table_width_meta\":\"shrink\",\"table_width_title\":\"medium\",\"title_style\":\"h2\"},\"children\":[{\"type\":\"table_item\",\"props\":{\"content\":\"\n\n<p>Consultas expertas para ayudarte a elegir los productos adecuados seg\\u00fan tus necesidades.<\\\/p>\",\"image\":\"wp-content\\\/uploads\\\/ocean-freight-services-01.svg\",\"link_text\":\"Show More\",\"title\":\"Asesor\\u00eda Personalizada\"}},{\"type\":\"table_item\",\"props\":{\"content\":\"\n\n<p>Soluciones de auditor\\u00eda personalizadas para garantizar que los ingresos se contabilicen correctamente, adapt\\u00e1ndonos a las necesidades espec\\u00edficas de tu negocio.<\\\/p>\",\"image\":\"wp-content\\\/uploads\\\/ocean-freight-services-02.svg\",\"link_text\":\"Show More\",\"title\":\"An\\u00e1lisis a Medida\"}},{\"type\":\"table_item\",\"props\":{\"content\":\"\n\n<p>Compromiso con tiempos de entrega claros y \\u00e1giles para que obtengas informaci\\u00f3n precisa y \\u00fatil sin demoras en tus procesos.<\\\/p>\",\"image\":\"wp-content\\\/uploads\\\/ocean-freight-services-03.svg\",\"link_text\":\"Show More\",\"title\":\"Resultados Eficientes\"}},{\"type\":\"table_item\",\"props\":{\"content\":\"\n\n<p>Soporte profesional en la implementaci\\u00f3n de recomendaciones y mejoras en tus procesos contables, asegurando la m\\u00e1xima precisi\\u00f3n y cumplimiento normativo.<\\\/p>\",\"image\":\"wp-content\\\/uploads\\\/ocean-freight-services-04.svg\",\"link_text\":\"Show More\",\"title\":\"Asistencia Integral\"}}]}]}]}]},{\"name\":\"Related Products\",\"type\":\"section\",\"props\":{\"image_position\":\"center-center\",\"padding\":\"xlarge\",\"style\":\"primary\",\"title_breakpoint\":\"xl\",\"title_position\":\"top-left\",\"title_rotation\":\"left\",\"vertical_align\":\"\",\"width\":\"large\"},\"children\":[{\"type\":\"row\",\"props\":{\"column_gap\":\"large\",\"layout\":\"1-3,2-3\",\"row_gap\":\"large\"},\"children\":[{\"type\":\"column\",\"props\":{\"image_position\":\"center-center\",\"position_sticky_breakpoint\":\"m\",\"vertical_align\":\"middle\",\"width_medium\":\"1-3\"},\"children\":[{\"type\":\"headline\",\"props\":{\"animation\":\"parallax\",\"content\":\"Productos<br \/><span class=\\\"uk-heading-divider uk-display-inline-block\\\">Relacionados<\\\/span>\",\"maxwidth\":\"small\",\"parallax_breakpoint\":\"m\",\"parallax_easing\":\"1\",\"parallax_y\":\"50,0\",\"title_element\":\"h2\",\"title_style\":\"heading-medium\"}},{\"type\":\"text\",\"props\":{\"animation\":\"parallax\",\"column_breakpoint\":\"m\",\"content\":\"\n\n<p>Descubre nuestras herramientas y soluciones especializadas. Ofrecemos productos dise\\u00f1ados para optimizar tus procesos financieros y de control interno. Calidad, funcionalidad y precisi\\u00f3n en cada soluci\\u00f3n. \\u00a1Transforma tu gesti\\u00f3n con nosotros hoy!<\\\/p>\",\"margin\":\"\",\"maxwidth\":\"medium\",\"parallax_breakpoint\":\"m\",\"parallax_easing\":\"1\",\"parallax_y\":\"50,0\"}}]},{\"type\":\"column\",\"props\":{\"image_position\":\"center-center\",\"position_sticky_breakpoint\":\"m\",\"vertical_align\":\"middle\",\"width_medium\":\"2-3\"},\"children\":[{\"type\":\"grid\",\"props\":{\"animation\":\"parallax\",\"content_column_breakpoint\":\"m\",\"filter_align\":\"left\",\"filter_all\":true,\"filter_grid_breakpoint\":\"m\",\"filter_grid_width\":\"auto\",\"filter_position\":\"top\",\"filter_style\":\"tab\",\"grid_column_gap\":\"large\",\"grid_default\":\"1\",\"grid_medium\":\"3\",\"grid_row_gap\":\"large\",\"grid_small\":\"2\",\"icon_width\":80,\"image_align\":\"top\",\"image_grid_breakpoint\":\"m\",\"image_grid_width\":\"1-2\",\"image_svg_color\":\"emphasis\",\"item_animation\":true,\"link_style\":\"text\",\"link_text\":\"Show more\",\"margin\":\"\",\"meta_align\":\"below-title\",\"meta_element\":\"div\",\"meta_style\":\"text-meta\",\"parallax_breakpoint\":\"m\",\"parallax_easing\":\"1\",\"parallax_y\":\"80,10\",\"show_content\":true,\"show_image\":true,\"show_link\":true,\"show_meta\":true,\"show_title\":true,\"title_align\":\"top\",\"title_element\":\"h3\",\"title_grid_breakpoint\":\"m\",\"title_grid_width\":\"1-2\",\"title_hover_style\":\"reset\",\"title_style\":\"h4\"},\"children\":[{\"type\":\"grid_item\",\"props\":{\"content\":\"\n\n<p>R\\u00e1pido y eficiente, ideal para automatizar el registro de ingresos, generar reportes contables y garantizar el cumplimiento normativo.<\\\/p>\",\"title\":\"Software de Gesti\\u00f3n Financiera\"}},{\"type\":\"grid_item\",\"props\":{\"content\":\"\n\n<p>Dise\\u00f1ados para fortalecer tus procesos internos, incluyen procedimientos detallados, mejores pr\\u00e1cticas y estrategias de mitigaci\\u00f3n de riesgos.<\\\/p>\",\"title\":\"Manuales y Gu\\u00edas Operativas\"}},{\"type\":\"grid_item\",\"props\":{\"content\":\"\n\n<p>Plantillas y formatos personalizables para contratos, facturaci\\u00f3n y auditor\\u00edas, ideales para asegurar un manejo profesional de tu informaci\\u00f3n financiera.<\\\/p>\",\"title\":\"Kits de Documentaci\\u00f3n Profesional\"}}]}]}]}]}],\"version\":\"4.4.10\"} --><\/p>\n","protected":false},"excerpt":{"rendered":"<p>Aluminio Bladeren Desde nuestra fundaci\u00f3n, hemos trabajado arduamente para construir relaciones s\u00f3lidas con nuestros clientes, basadas en la confianza y la transparencia. Cada proyecto es una oportunidad para demostrar nuestro compromiso con la excelencia. Servicios Asesor\u00eda Personalizada Consultas expertas para ayudarte a elegir los productos adecuados seg\u00fan tus necesidades. An\u00e1lisis a Medida Soluciones de auditor\u00eda [&hellip;]<\/p>\n","protected":false},"author":1,"featured_media":0,"parent":0,"menu_order":0,"comment_status":"closed","ping_status":"open","template":"","meta":{"footnotes":""},"class_list":["post-2","page","type-page","status-publish","hentry"],"_links":{"self":[{"href":"https:\/\/aluminiobladeren.com\/index.php\/wp-json\/wp\/v2\/pages\/2","targetHints":{"allow":["GET"]}}],"collection":[{"href":"https:\/\/aluminiobladeren.com\/index.php\/wp-json\/wp\/v2\/pages"}],"about":[{"href":"https:\/\/aluminiobladeren.com\/index.php\/wp-json\/wp\/v2\/types\/page"}],"author":[{"embeddable":true,"href":"https:\/\/aluminiobladeren.com\/index.php\/wp-json\/wp\/v2\/users\/1"}],"replies":[{"embeddable":true,"href":"https:\/\/aluminiobladeren.com\/index.php\/wp-json\/wp\/v2\/comments?post=2"}],"version-history":[{"count":14,"href":"https:\/\/aluminiobladeren.com\/index.php\/wp-json\/wp\/v2\/pages\/2\/revisions"}],"predecessor-version":[{"id":77,"href":"https:\/\/aluminiobladeren.com\/index.php\/wp-json\/wp\/v2\/pages\/2\/revisions\/77"}],"wp:attachment":[{"href":"https:\/\/aluminiobladeren.com\/index.php\/wp-json\/wp\/v2\/media?parent=2"}],"curies":[{"name":"wp","href":"https:\/\/api.w.org\/{rel}","templated":true}]}}